{"id":3939,"date":"2025-04-15T23:23:33","date_gmt":"2025-04-15T23:23:33","guid":{"rendered":"https:\/\/nucleomigra.cl\/acerca-de\/"},"modified":"2025-12-23T03:02:01","modified_gmt":"2025-12-23T03:02:01","slug":"acerca-de","status":"publish","type":"page","link":"https:\/\/nucleomigra.cl\/es\/acerca-de\/","title":{"rendered":"Acerca de"},"content":{"rendered":"\t\t<div data-elementor-type=\"wp-page\" data-elementor-id=\"3939\" class=\"elementor elementor-3939 elementor-20\" data-elementor-post-type=\"page\">\n\t\t\t\t<div class=\"elementor-element elementor-element-6f6bbd5d e-flex e-con-boxed e-con e-parent\" data-id=\"6f6bbd5d\" data-element_type=\"container\" data-e-type=\"container\" data-settings=\"{&quot;background_background&quot;:&quot;classic&quot;}\">\n\t\t\t\t\t<div class=\"e-con-inner\">\n\t\t\t\t<div class=\"elementor-element elementor-element-5b234a96 elementor-widget elementor-widget-text-editor\" data-id=\"5b234a96\" data-element_type=\"widget\" data-e-type=\"widget\" data-widget_type=\"text-editor.default\">\n\t\t\t\t\t\t\t\t\t<p class=\"\" data-start=\"70\" data-end=\"470\">El N\u00facleo Milenio MIGRA busca avanzar en la comprensi\u00f3n de las consecuencias sociales, institucionales y econ\u00f3micas de las recientes oleadas de inmigraci\u00f3n a Chile, un pa\u00eds que se ha convertido en uno de los principales destinos para los migrantes en Am\u00e9rica Latina. En poco m\u00e1s de una d\u00e9cada, la poblaci\u00f3n nacida en el extranjero ha crecido de menos del 2% en 2010 a aproximadamente el 7-8% en 2022. Este cambio dr\u00e1stico se ha producido en un contexto de cambio social, cultural e institucional continuo, dando lugar tanto a desaf\u00edos de integraci\u00f3n como a nuevas tensiones con las comunidades locales.<\/p>\t\t\t\t\t\t\t\t<\/div>\n\t\t\t\t<div class=\"elementor-element elementor-element-26ca137 elementor-widget elementor-widget-heading\" data-id=\"26ca137\" data-element_type=\"widget\" data-e-type=\"widget\" data-widget_type=\"heading.default\">\n\t\t\t\t\t<h1 class=\"elementor-heading-title elementor-size-default\">\u00bfQu\u00e9 es Migra?<\/h1>\t\t\t\t<\/div>\n\t\t\t\t\t<\/div>\n\t\t\t\t<\/div>\n\t\t<div class=\"elementor-element elementor-element-82894fb e-flex e-con-boxed e-con e-parent\" data-id=\"82894fb\" data-element_type=\"container\" data-e-type=\"container\" data-settings=\"{&quot;background_background&quot;:&quot;classic&quot;}\">\n\t\t\t\t\t<div class=\"e-con-inner\">\n\t\t<div class=\"elementor-element elementor-element-280dc46 e-con-full e-flex e-con e-child\" data-id=\"280dc46\" data-element_type=\"container\" data-e-type=\"container\">\n\t\t\t\t<div class=\"elementor-element elementor-element-88460a4 elementor-widget elementor-widget-heading\" data-id=\"88460a4\" data-element_type=\"widget\" data-e-type=\"widget\" data-widget_type=\"heading.default\">\n\t\t\t\t\t<h2 class=\"elementor-heading-title elementor-size-default\">Nuestros objetivos<\/h2>\t\t\t\t<\/div>\n\t\t\t\t<div class=\"elementor-element elementor-element-a0a9b44 elementor-widget elementor-widget-text-editor\" data-id=\"a0a9b44\" data-element_type=\"widget\" data-e-type=\"widget\" data-widget_type=\"text-editor.default\">\n\t\t\t\t\t\t\t\t\t<p><span style=\"white-space-collapse: preserve;\">MIGRA tiene como objetivo investigar los impactos de la inmigraci\u00f3n en dimensiones clave del bienestar social: mercados laborales, educaci\u00f3n, salud, seguridad y acceso a la justicia. Nos centramos especialmente en comprender los factores que impulsan las actitudes del p\u00fablico hacia los migrantes e identificar estrategias para abordar las desalineaciones entre la percepci\u00f3n y la realidad.<\/span><\/p>\t\t\t\t\t\t\t\t<\/div>\n\t\t\t\t<\/div>\n\t\t\t\t\t<\/div>\n\t\t\t\t<\/div>\n\t\t<div class=\"elementor-element elementor-element-de8cdeb e-flex e-con-boxed e-con e-parent\" data-id=\"de8cdeb\" data-element_type=\"container\" data-e-type=\"container\" data-settings=\"{&quot;background_background&quot;:&quot;classic&quot;}\">\n\t\t\t\t\t<div class=\"e-con-inner\">\n\t\t<div class=\"elementor-element elementor-element-d95b838 e-con-full e-flex e-con e-child\" data-id=\"d95b838\" data-element_type=\"container\" data-e-type=\"container\">\n\t\t\t\t<div class=\"elementor-element elementor-element-d586d79 elementor-widget elementor-widget-heading\" data-id=\"d586d79\" data-element_type=\"widget\" data-e-type=\"widget\" data-widget_type=\"heading.default\">\n\t\t\t\t\t<h2 class=\"elementor-heading-title elementor-size-default\">Qu\u00e9 hacemos<\/h2>\t\t\t\t<\/div>\n\t\t\t\t<div class=\"elementor-element elementor-element-8a06110 elementor-widget elementor-widget-text-editor\" data-id=\"8a06110\" data-element_type=\"widget\" data-e-type=\"widget\" data-widget_type=\"text-editor.default\">\n\t\t\t\t\t\t\t\t\t<p>El N\u00facleo Milenio MIGRA es un centro de investigaci\u00f3n financiado por la Iniciativa Cient\u00edfica del Milenio de la Agencia Nacional de Investigaci\u00f3n y Desarrollo de Chile (ANID). Su misi\u00f3n principal es avanzar en la comprensi\u00f3n de las consecuencias de las recientes oleadas de inmigraci\u00f3n a Chile, un pa\u00eds que ha experimentado uno de los cambios demogr\u00e1ficos m\u00e1s r\u00e1pidos de Am\u00e9rica Latina.<\/p><p>Durante la \u00faltima d\u00e9cada, la proporci\u00f3n de migrantes en Chile se ha quintuplicado, pasando del 2% a casi el 10% de la poblaci\u00f3n, lo que marca la transformaci\u00f3n sociodemogr\u00e1fica m\u00e1s profunda en la historia reciente del pa\u00eds. En 2022, el 19% de todos los reci\u00e9n nacidos en Chile ten\u00edan una madre migrante, y las cifras se acercaban al 50% en ciertas regiones. Este cambio sin precedentes presenta desaf\u00edos complejos para la integraci\u00f3n de los migrantes y la cohesi\u00f3n social.<\/p><p>Desde su fundaci\u00f3n hace tres a\u00f1os, MIGRA ha generado evidencia novedosa y relevante para las pol\u00edticas sobre los impactos multifac\u00e9ticos de la inmigraci\u00f3n en Chile y las barreras que dificultan una integraci\u00f3n efectiva.<\/p>\t\t\t\t\t\t\t\t<\/div>\n\t\t\t\t<\/div>\n\t\t\t\t\t<\/div>\n\t\t\t\t<\/div>\n\t\t<div class=\"elementor-element elementor-element-3b337bd e-flex e-con-boxed e-con e-parent\" data-id=\"3b337bd\" data-element_type=\"container\" data-e-type=\"container\" data-settings=\"{&quot;background_background&quot;:&quot;classic&quot;}\">\n\t\t\t\t\t<div class=\"e-con-inner\">\n\t\t<div class=\"elementor-element elementor-element-a590ada e-con-full e-flex e-con e-child\" data-id=\"a590ada\" data-element_type=\"container\" data-e-type=\"container\">\n\t\t\t\t<div class=\"elementor-element elementor-element-7f504d2 elementor-widget elementor-widget-heading\" data-id=\"7f504d2\" data-element_type=\"widget\" data-e-type=\"widget\" data-widget_type=\"heading.default\">\n\t\t\t\t\t<h2 class=\"elementor-heading-title elementor-size-default\">Nuestro enfoque<\/h2>\t\t\t\t<\/div>\n\t\t\t\t<div class=\"elementor-element elementor-element-d675801 elementor-widget elementor-widget-text-editor\" data-id=\"d675801\" data-element_type=\"widget\" data-e-type=\"widget\" data-widget_type=\"text-editor.default\">\n\t\t\t\t\t\t\t\t\t<p data-start=\"2764\" data-end=\"2955\">La hip\u00f3tesis que gu\u00eda a MIGRA es que los efectos de la inmigraci\u00f3n dependen fundamentalmente de c\u00f3mo se incorporan los migrantes a las instituciones y comunidades locales, un proceso determinado por tres factores clave, que tambi\u00e9n forman la columna vertebral de la agenda de investigaci\u00f3n de MIGRA:<\/p><ol><li data-start=\"2764\" data-end=\"2955\"><strong><a href=\"https:\/\/nucleomigra.cl\/research_areas\/legal-frictions\/\">Fricciones legales<\/a><\/strong><\/li><li data-start=\"2764\" data-end=\"2955\"><a href=\"\/?research_areas=cultural-and-institutional-frictions\"><strong>Fricciones institucionales y culturales<\/strong><\/a><\/li><li data-start=\"2764\" data-end=\"2955\"><a href=\"\/?research_areas=discrimination-and-public-perception\"><strong>Percepciones err\u00f3neas p\u00fablicas y discriminaci\u00f3n<\/strong><\/a><\/li><\/ol>\t\t\t\t\t\t\t\t<\/div>\n\t\t\t\t<\/div>\n\t\t\t\t\t<\/div>\n\t\t\t\t<\/div>\n\t\t<div class=\"elementor-element elementor-element-039d5d7 e-flex e-con-boxed e-con e-parent\" data-id=\"039d5d7\" data-element_type=\"container\" data-e-type=\"container\" data-settings=\"{&quot;background_background&quot;:&quot;classic&quot;}\">\n\t\t\t\t\t<div class=\"e-con-inner\">\n\t\t<div class=\"elementor-element elementor-element-d9721d3 e-con-full e-flex e-con e-child\" data-id=\"d9721d3\" data-element_type=\"container\" data-e-type=\"container\">\n\t\t\t\t<div class=\"elementor-element elementor-element-959a70d elementor-widget elementor-widget-heading\" data-id=\"959a70d\" data-element_type=\"widget\" data-e-type=\"widget\" data-widget_type=\"heading.default\">\n\t\t\t\t\t<h2 class=\"elementor-heading-title elementor-size-default\">Instituciones anfitrionas<\/h2>\t\t\t\t<\/div>\n\t\t\t\t<div class=\"elementor-element elementor-element-0c8e9e8 elementor-widget elementor-widget-text-editor\" data-id=\"0c8e9e8\" data-element_type=\"widget\" data-e-type=\"widget\" data-widget_type=\"text-editor.default\">\n\t\t\t\t\t\t\t\t\t<p>El N\u00facleo Milenio MIGRA est\u00e1 alojado en cuatro instituciones chilenas l\u00edderes:<\/p><ul><li><a href=\"https:\/\/uchile.cl\/\"><strong>Universidad de Chile<\/strong><\/a><\/li><li><a href=\"https:\/\/www.uc.cl\/\"><strong>Pontificia Universidad Cat\u00f3lica de Chile<\/strong><\/a><\/li><li><a href=\"https:\/\/www.uai.cl\/\"><strong>Universidad Adolfo Ib\u00e1\u00f1ez<\/strong><\/a><\/li><li><a href=\"https:\/\/www.uta.cl\/\"><strong>Universidad de Tarapac\u00e1<\/strong><\/a><\/li><\/ul><p>Estas instituciones brindan el apoyo acad\u00e9mico, administrativo e infraestructural necesario para las operaciones de MIGRA, fomentando un entorno de colaboraci\u00f3n interdisciplinaria. Su experiencia combinada en derecho, ciencias sociales, econom\u00eda y estudios regionales fortalece la capacidad de MIGRA para abordar los complejos desaf\u00edos que plantea la migraci\u00f3n contempor\u00e1nea y garantiza la profunda integraci\u00f3n del proyecto en las redes acad\u00e9micas nacionales e internacionales.<\/p>\t\t\t\t\t\t\t\t<\/div>\n\t\t\t\t<\/div>\n\t\t\t\t\t<\/div>\n\t\t\t\t<\/div>\n\t\t\t\t<\/div>\n\t\t","protected":false},"excerpt":{"rendered":"<p>El N\u00facleo Milenio MIGRA busca avanzar en la comprensi\u00f3n de las consecuencias sociales, institucionales y econ\u00f3micas de las recientes oleadas de inmigraci\u00f3n a Chile, un pa\u00eds que se ha convertido en uno de los principales destinos para los migrantes en Am\u00e9rica Latina. En poco m\u00e1s de una d\u00e9cada, la poblaci\u00f3n nacida en el extranjero ha [&hellip;]<\/p>\n","protected":false},"author":1,"featured_media":0,"parent":0,"menu_order":0,"comment_status":"closed","ping_status":"closed","template":"elementor_header_footer","meta":{"_acf_changed":false,"footnotes":""},"class_list":["post-3939","page","type-page","status-publish","hentry"],"acf":[],"_links":{"self":[{"href":"https:\/\/nucleomigra.cl\/es\/wp-json\/wp\/v2\/pages\/3939","targetHints":{"allow":["GET"]}}],"collection":[{"href":"https:\/\/nucleomigra.cl\/es\/wp-json\/wp\/v2\/pages"}],"about":[{"href":"https:\/\/nucleomigra.cl\/es\/wp-json\/wp\/v2\/types\/page"}],"author":[{"embeddable":true,"href":"https:\/\/nucleomigra.cl\/es\/wp-json\/wp\/v2\/users\/1"}],"replies":[{"embeddable":true,"href":"https:\/\/nucleomigra.cl\/es\/wp-json\/wp\/v2\/comments?post=3939"}],"version-history":[{"count":1,"href":"https:\/\/nucleomigra.cl\/es\/wp-json\/wp\/v2\/pages\/3939\/revisions"}],"predecessor-version":[{"id":3940,"href":"https:\/\/nucleomigra.cl\/es\/wp-json\/wp\/v2\/pages\/3939\/revisions\/3940"}],"wp:attachment":[{"href":"https:\/\/nucleomigra.cl\/es\/wp-json\/wp\/v2\/media?parent=3939"}],"curies":[{"name":"wp","href":"https:\/\/api.w.org\/{rel}","templated":true}]}}