{"id":3937,"date":"2025-05-07T23:37:32","date_gmt":"2025-05-07T23:37:32","guid":{"rendered":"https:\/\/nucleomigra.cl\/foro-de-politicas\/"},"modified":"2025-12-23T03:23:52","modified_gmt":"2025-12-23T03:23:52","slug":"foro-de-politicas","status":"publish","type":"page","link":"https:\/\/nucleomigra.cl\/es\/foro-de-politicas\/","title":{"rendered":"Foro de Pol\u00edticas P\u00fablicas"},"content":{"rendered":"\t\t<div data-elementor-type=\"wp-page\" data-elementor-id=\"3937\" class=\"elementor elementor-3937 elementor-2536\" data-elementor-post-type=\"page\">\n\t\t\t\t<div class=\"elementor-element elementor-element-b418dbd e-flex e-con-boxed e-con e-parent\" data-id=\"b418dbd\" data-element_type=\"container\" data-e-type=\"container\" data-settings=\"{&quot;background_background&quot;:&quot;classic&quot;}\">\n\t\t\t\t\t<div class=\"e-con-inner\">\n\t\t\t\t<div class=\"elementor-element elementor-element-23fb7b8b elementor-widget elementor-widget-text-editor\" data-id=\"23fb7b8b\" data-element_type=\"widget\" data-e-type=\"widget\" data-widget_type=\"text-editor.default\">\n\t\t\t\t\t\t\t\t\t<p class=\"\" data-start=\"70\" data-end=\"470\"><span style=\"font-weight: 400;\">Los Foros de Pol\u00edticas P\u00fablicas de MIGRA est\u00e1n dise\u00f1ados como espacios abiertos para el di\u00e1logo entre la academia, los responsables de las pol\u00edticas p\u00fablicas y la sociedad civil, con el objetivo de traducir la investigaci\u00f3n en un impacto social y pol\u00edtico significativo. Estos foros abordan los desaf\u00edos clave relacionados con la migraci\u00f3n en Chile, fomentando debates basados en la evidencia que unen el conocimiento cient\u00edfico y la acci\u00f3n p\u00fablica.<\/span><\/p>\t\t\t\t\t\t\t\t<\/div>\n\t\t\t\t<div class=\"elementor-element elementor-element-2dde54b7 elementor-widget elementor-widget-heading\" data-id=\"2dde54b7\" data-element_type=\"widget\" data-e-type=\"widget\" data-widget_type=\"heading.default\">\n\t\t\t\t\t<h1 class=\"elementor-heading-title elementor-size-default\">Foro de Pol\u00edticas P\u00fablicas<\/h1>\t\t\t\t<\/div>\n\t\t\t\t\t<\/div>\n\t\t\t\t<\/div>\n\t\t<div class=\"elementor-element elementor-element-7f5c63a e-flex e-con-boxed e-con e-parent\" data-id=\"7f5c63a\" data-element_type=\"container\" data-e-type=\"container\" data-settings=\"{&quot;background_background&quot;:&quot;classic&quot;}\">\n\t\t\t\t\t<div class=\"e-con-inner\">\n\t\t\t\t<div class=\"elementor-element elementor-element-083e70a elementor-widget elementor-widget-text-editor\" data-id=\"083e70a\" data-element_type=\"widget\" data-e-type=\"widget\" data-widget_type=\"text-editor.default\">\n\t\t\t\t\t\t\t\t\t<p><span style=\"font-weight: 400;\">El primer Foro de Pol\u00edticas P\u00fablicas se celebr\u00f3 el 7 de noviembre de 2024 en Arica, y fue organizado por el N\u00facleo Milenio MIGRA y la Direcci\u00f3n General de Vinculaci\u00f3n con el Medio de la Universidad de Tarapac\u00e1 (UTA). El evento reuni\u00f3 a autoridades municipales, representantes consulares, investigadores y ONGs para debatir sobre migraci\u00f3n, integraci\u00f3n y convivencia en el norte de Chile, una regi\u00f3n fundamental para comprender las din\u00e1micas transfronterizas.<\/span><\/p><p><span style=\"font-weight: 400;\">Los Foros de Pol\u00edticas P\u00fablicas de MIGRA son un componente clave de su estrategia de divulgaci\u00f3n, fortaleciendo los lazos entre la investigaci\u00f3n y la pr\u00e1ctica. El pr\u00f3ximo Foro est\u00e1 previsto para 2025 en Santiago, continuando con la misi\u00f3n de promover debates inclusivos e informados sobre la migraci\u00f3n y sus impactos sociales.<\/span><\/p>\t\t\t\t\t\t\t\t<\/div>\n\t\t<div class=\"elementor-element elementor-element-f03eb1a e-con-full e-flex e-con e-child\" data-id=\"f03eb1a\" data-element_type=\"container\" data-e-type=\"container\">\n\t\t\t\t<div class=\"elementor-element elementor-element-3ef1c77 elementor-grid-1 elementor-grid-tablet-2 elementor-grid-mobile-1 elementor-widget elementor-widget-loop-grid\" data-id=\"3ef1c77\" data-element_type=\"widget\" data-e-type=\"widget\" data-settings=\"{&quot;template_id&quot;:4000,&quot;columns&quot;:1,&quot;_skin&quot;:&quot;post&quot;,&quot;columns_tablet&quot;:&quot;2&quot;,&quot;columns_mobile&quot;:&quot;1&quot;,&quot;edit_handle_selector&quot;:&quot;[data-elementor-type=\\&quot;loop-item\\&quot;]&quot;,&quot;row_gap&quot;:{&quot;unit&quot;:&quot;px&quot;,&quot;size&quot;:&quot;&quot;,&quot;sizes&quot;:[]},&quot;row_gap_tablet&quot;:{&quot;unit&quot;:&quot;px&quot;,&quot;size&quot;:&quot;&quot;,&quot;sizes&quot;:[]},&quot;row_gap_mobile&quot;:{&quot;unit&quot;:&quot;px&quot;,&quot;size&quot;:&quot;&quot;,&quot;sizes&quot;:[]}}\" data-widget_type=\"loop-grid.post\">\n\t\t\t\t\t\t\t<div class=\"elementor-loop-container elementor-grid\">\n\t\t<style id=\"loop-4000\">.elementor-4000 .elementor-element.elementor-element-3d97850{--display:flex;--justify-content:flex-start;}.elementor-4000 .elementor-element.elementor-element-8ec1779{--display:flex;--min-height:0px;--flex-direction:row;--container-widget-width:calc( ( 1 - var( --container-widget-flex-grow ) ) * 100% );--container-widget-height:100%;--container-widget-flex-grow:1;--container-widget-align-self:stretch;--flex-wrap-mobile:wrap;--justify-content:center;--align-items:center;--gap:40px 40px;--row-gap:40px;--column-gap:40px;}.elementor-4000 .elementor-element.elementor-element-8ec1779.e-con{--align-self:center;--flex-grow:0;--flex-shrink:0;}.elementor-4000 .elementor-element.elementor-element-13f1a54{--display:flex;--min-height:0px;}.elementor-4000 .elementor-element.elementor-element-13f1a54.e-con{--flex-grow:0;--flex-shrink:0;}.elementor-4000 .elementor-element.elementor-element-6c8443e img{width:100%;height:200px;object-fit:cover;object-position:center center;}.elementor-4000 .elementor-element.elementor-element-6c8443e.elementor-element{--flex-grow:0;--flex-shrink:0;}.elementor-4000 .elementor-element.elementor-element-4654c07{--display:flex;--flex-direction:row;--container-widget-width:calc( ( 1 - var( --container-widget-flex-grow ) ) * 100% );--container-widget-height:100%;--container-widget-flex-grow:1;--container-widget-align-self:stretch;--flex-wrap-mobile:wrap;--justify-content:flex-start;--align-items:center;--gap:60px 60px;--row-gap:60px;--column-gap:60px;--flex-wrap:wrap;}.elementor-4000 .elementor-element.elementor-element-fd45fa5{--display:flex;--gap:10px 10px;--row-gap:10px;--column-gap:10px;}.elementor-4000 .elementor-element.elementor-element-59e7d46{--display:flex;--flex-direction:row;--container-widget-width:initial;--container-widget-height:100%;--container-widget-flex-grow:1;--container-widget-align-self:stretch;--flex-wrap-mobile:wrap;}.elementor-4000 .elementor-element.elementor-element-e2f9d4a .elementor-heading-title{font-family:var( --e-global-typography-secondary-font-family ), Sans-serif;font-size:var( --e-global-typography-secondary-font-size );font-weight:var( --e-global-typography-secondary-font-weight );text-transform:var( --e-global-typography-secondary-text-transform );line-height:var( --e-global-typography-secondary-line-height );letter-spacing:var( --e-global-typography-secondary-letter-spacing );}.elementor-4000 .elementor-element.elementor-element-c0b37a5 .elementor-heading-title{font-family:var( --e-global-typography-secondary-font-family ), Sans-serif;font-size:var( --e-global-typography-secondary-font-size );font-weight:var( --e-global-typography-secondary-font-weight );text-transform:var( --e-global-typography-secondary-text-transform );line-height:var( --e-global-typography-secondary-line-height );letter-spacing:var( --e-global-typography-secondary-letter-spacing );}.elementor-4000 .elementor-element.elementor-element-9a95e15 .elementor-heading-title{font-family:var( --e-global-typography-secondary-font-family ), Sans-serif;font-size:var( --e-global-typography-secondary-font-size );font-weight:var( --e-global-typography-secondary-font-weight );text-transform:var( --e-global-typography-secondary-text-transform );line-height:var( --e-global-typography-secondary-line-height );letter-spacing:var( --e-global-typography-secondary-letter-spacing );}.elementor-4000 .elementor-element.elementor-element-2cd9b20 .elementor-heading-title{color:var( --e-global-color-primary );}.elementor-4000 .elementor-element.elementor-element-2cd9b20 .elementor-heading-title a:hover, .elementor-4000 .elementor-element.elementor-element-2cd9b20 .elementor-heading-title a:focus{color:var( --e-global-color-secondary );}.elementor-4000 .elementor-element.elementor-element-2cd9b20 .elementor-heading-title a{transition-duration:0.5s;}.elementor-4000 .elementor-element.elementor-element-2cd9b20{width:var( --container-widget-width, 100% );max-width:100%;--container-widget-width:100%;--container-widget-flex-grow:0;}.elementor-4000 .elementor-element.elementor-element-2cd9b20.elementor-element{--flex-grow:0;--flex-shrink:0;}.elementor-4000 .elementor-element.elementor-element-61b8801.elementor-view-stacked .elementor-icon{background-color:var( --e-global-color-primary );}.elementor-4000 .elementor-element.elementor-element-61b8801.elementor-view-framed .elementor-icon, .elementor-4000 .elementor-element.elementor-element-61b8801.elementor-view-default .elementor-icon{color:var( --e-global-color-primary );border-color:var( --e-global-color-primary );}.elementor-4000 .elementor-element.elementor-element-61b8801.elementor-view-framed .elementor-icon, .elementor-4000 .elementor-element.elementor-element-61b8801.elementor-view-default .elementor-icon svg{fill:var( --e-global-color-primary );}.elementor-4000 .elementor-element.elementor-element-61b8801.elementor-view-stacked .elementor-icon:hover{background-color:var( --e-global-color-secondary );}.elementor-4000 .elementor-element.elementor-element-61b8801.elementor-view-framed .elementor-icon:hover, .elementor-4000 .elementor-element.elementor-element-61b8801.elementor-view-default .elementor-icon:hover{color:var( --e-global-color-secondary );border-color:var( --e-global-color-secondary );}.elementor-4000 .elementor-element.elementor-element-61b8801.elementor-view-framed .elementor-icon:hover, .elementor-4000 .elementor-element.elementor-element-61b8801.elementor-view-default .elementor-icon:hover svg{fill:var( --e-global-color-secondary );}.elementor-4000 .elementor-element.elementor-element-61b8801 .elementor-icon{font-size:40px;}.elementor-4000 .elementor-element.elementor-element-61b8801 .elementor-icon svg{height:40px;}@media(min-width:768px){.elementor-4000 .elementor-element.elementor-element-8ec1779{--width:100%;}.elementor-4000 .elementor-element.elementor-element-13f1a54{--width:33%;}}@media(max-width:1024px){.elementor-4000 .elementor-element.elementor-element-e2f9d4a .elementor-heading-title{font-size:var( --e-global-typography-secondary-font-size );line-height:var( --e-global-typography-secondary-line-height );letter-spacing:var( --e-global-typography-secondary-letter-spacing );}.elementor-4000 .elementor-element.elementor-element-c0b37a5 .elementor-heading-title{font-size:var( --e-global-typography-secondary-font-size );line-height:var( --e-global-typography-secondary-line-height );letter-spacing:var( --e-global-typography-secondary-letter-spacing );}.elementor-4000 .elementor-element.elementor-element-9a95e15 .elementor-heading-title{font-size:var( --e-global-typography-secondary-font-size );line-height:var( --e-global-typography-secondary-line-height );letter-spacing:var( --e-global-typography-secondary-letter-spacing );}}@media(max-width:767px){.elementor-4000 .elementor-element.elementor-element-e2f9d4a .elementor-heading-title{font-size:var( --e-global-typography-secondary-font-size );line-height:var( --e-global-typography-secondary-line-height );letter-spacing:var( --e-global-typography-secondary-letter-spacing );}.elementor-4000 .elementor-element.elementor-element-c0b37a5 .elementor-heading-title{font-size:var( --e-global-typography-secondary-font-size );line-height:var( --e-global-typography-secondary-line-height );letter-spacing:var( --e-global-typography-secondary-letter-spacing );}.elementor-4000 .elementor-element.elementor-element-9a95e15 .elementor-heading-title{font-size:var( --e-global-typography-secondary-font-size );line-height:var( --e-global-typography-secondary-line-height );letter-spacing:var( --e-global-typography-secondary-letter-spacing );}}<\/style>\t\t<div data-elementor-type=\"loop-item\" data-elementor-id=\"4000\" class=\"elementor elementor-4000 elementor-2574 e-loop-item e-loop-item-4104 post-4104 policy-forum type-policy-forum status-publish hentry\" data-elementor-post-type=\"elementor_library\" data-custom-edit-handle=\"1\">\n\t\t\t<div class=\"elementor-element elementor-element-3d97850 e-flex e-con-boxed e-con e-parent\" data-id=\"3d97850\" data-element_type=\"container\" data-e-type=\"container\">\n\t\t\t\t\t<div class=\"e-con-inner\">\n\t\t<div class=\"elementor-element elementor-element-8ec1779 e-con-full e-flex e-con e-child\" data-id=\"8ec1779\" data-element_type=\"container\" data-e-type=\"container\">\n\t\t<div class=\"elementor-element elementor-element-13f1a54 e-con-full e-flex e-con e-child\" data-id=\"13f1a54\" data-element_type=\"container\" data-e-type=\"container\">\n\t\t\t\t<\/div>\n\t\t<div class=\"elementor-element elementor-element-4654c07 e-con-full e-flex e-con e-child\" data-id=\"4654c07\" data-element_type=\"container\" data-e-type=\"container\">\n\t\t<div class=\"elementor-element elementor-element-fd45fa5 e-con-full e-flex e-con e-child\" data-id=\"fd45fa5\" data-element_type=\"container\" data-e-type=\"container\">\n\t\t<div class=\"elementor-element elementor-element-59e7d46 e-con-full e-flex e-con e-child\" data-id=\"59e7d46\" data-element_type=\"container\" data-e-type=\"container\">\n\t\t\t\t<div class=\"elementor-element elementor-element-c0b37a5 elementor-widget elementor-widget-heading\" data-id=\"c0b37a5\" data-element_type=\"widget\" data-e-type=\"widget\" data-widget_type=\"heading.default\">\n\t\t\t\t\t<h2 class=\"elementor-heading-title elementor-size-default\">\u2022<\/h2>\t\t\t\t<\/div>\n\t\t\t\t<\/div>\n\t\t\t\t<div class=\"elementor-element elementor-element-2cd9b20 elementor-widget__width-initial elementor-widget elementor-widget-heading\" data-id=\"2cd9b20\" data-element_type=\"widget\" data-e-type=\"widget\" data-widget_type=\"heading.default\">\n\t\t\t\t\t<h3 class=\"elementor-heading-title elementor-size-default\"><a href=\"https:\/\/nucleomigra.cl\/es\/policy-forum\/foro-de-politicas-del-nucleo-milenio-migra-2024\/\">Foro de Pol\u00edticas del N\u00facleo Milenio MIGRA 2024<\/a><\/h3>\t\t\t\t<\/div>\n\t\t\t\t<\/div>\n\t\t\t\t<div class=\"elementor-element elementor-element-61b8801 elementor-view-default elementor-widget elementor-widget-icon\" data-id=\"61b8801\" data-element_type=\"widget\" data-e-type=\"widget\" data-widget_type=\"icon.default\">\n\t\t\t\t\t\t\t<div class=\"elementor-icon-wrapper\">\n\t\t\t<a class=\"elementor-icon\" href=\"https:\/\/nucleomigra.cl\/es\/policy-forum\/foro-de-politicas-del-nucleo-milenio-migra-2024\/\">\n\t\t\t<svg xmlns=\"http:\/\/www.w3.org\/2000\/svg\" width=\"125\" height=\"125\" viewBox=\"0 0 125 125\" fill=\"none\"><g clip-path=\"url(#clip0_265_166)\"><path d=\"M106.438 25.9227L7.36033 125L0 117.64L99.0773 18.5624C72.8493 25.7612 46.4778 22.6555 20.3756 9.26324L25.1328 0C56.3694 16.0491 86.7442 16.0491 117.999 0L125.018 7.01923C108.969 38.2558 108.969 68.6306 125.018 99.8851L115.755 104.642C102.363 78.5401 99.2568 52.1686 106.456 25.9407L106.438 25.9227Z\" fill=\"currentColor\"><\/path><\/g><defs><clipPath id=\"clip0_265_166\"><rect width=\"125\" height=\"125\" fill=\"white\" transform=\"matrix(1 0 0 -1 0 125)\"><\/rect><\/clipPath><\/defs><\/svg>\t\t\t<\/a>\n\t\t<\/div>\n\t\t\t\t\t\t<\/div>\n\t\t\t\t<\/div>\n\t\t\t\t<\/div>\n\t\t\t\t\t<\/div>\n\t\t\t\t<\/div>\n\t\t\t\t<\/div>\n\t\t\t\t<\/div>\n\t\t\n\t\t\t\t\t\t<\/div>\n\t\t\t\t<\/div>\n\t\t\t\t\t<\/div>\n\t\t\t\t<\/div>\n\t\t\t\t<\/div>\n\t\t","protected":false},"excerpt":{"rendered":"<p>Los Foros de Pol\u00edticas P\u00fablicas de MIGRA est\u00e1n dise\u00f1ados como espacios abiertos para el di\u00e1logo entre la academia, los responsables de las pol\u00edticas p\u00fablicas y la sociedad civil, con el objetivo de traducir la investigaci\u00f3n en un impacto social y pol\u00edtico significativo. Estos foros abordan los desaf\u00edos clave relacionados con la migraci\u00f3n en Chile, fomentando [&hellip;]<\/p>\n","protected":false},"author":1,"featured_media":0,"parent":0,"menu_order":0,"comment_status":"closed","ping_status":"closed","template":"elementor_header_footer","meta":{"_acf_changed":false,"footnotes":""},"class_list":["post-3937","page","type-page","status-publish","hentry"],"acf":[],"_links":{"self":[{"href":"https:\/\/nucleomigra.cl\/es\/wp-json\/wp\/v2\/pages\/3937","targetHints":{"allow":["GET"]}}],"collection":[{"href":"https:\/\/nucleomigra.cl\/es\/wp-json\/wp\/v2\/pages"}],"about":[{"href":"https:\/\/nucleomigra.cl\/es\/wp-json\/wp\/v2\/types\/page"}],"author":[{"embeddable":true,"href":"https:\/\/nucleomigra.cl\/es\/wp-json\/wp\/v2\/users\/1"}],"replies":[{"embeddable":true,"href":"https:\/\/nucleomigra.cl\/es\/wp-json\/wp\/v2\/comments?post=3937"}],"version-history":[{"count":3,"href":"https:\/\/nucleomigra.cl\/es\/wp-json\/wp\/v2\/pages\/3937\/revisions"}],"predecessor-version":[{"id":4266,"href":"https:\/\/nucleomigra.cl\/es\/wp-json\/wp\/v2\/pages\/3937\/revisions\/4266"}],"wp:attachment":[{"href":"https:\/\/nucleomigra.cl\/es\/wp-json\/wp\/v2\/media?parent=3937"}],"curies":[{"name":"wp","href":"https:\/\/api.w.org\/{rel}","templated":true}]}}