{"id":3931,"date":"2025-04-15T23:25:28","date_gmt":"2025-04-15T23:25:28","guid":{"rendered":"https:\/\/nucleomigra.cl\/data-migra\/"},"modified":"2025-12-23T03:01:53","modified_gmt":"2025-12-23T03:01:53","slug":"data-migra","status":"publish","type":"page","link":"https:\/\/nucleomigra.cl\/es\/data-migra\/","title":{"rendered":"Data Migra"},"content":{"rendered":"\t\t<div data-elementor-type=\"wp-page\" data-elementor-id=\"3931\" class=\"elementor elementor-3931 elementor-37\" data-elementor-post-type=\"page\">\n\t\t\t\t<div class=\"elementor-element elementor-element-070e684 e-flex e-con-boxed e-con e-parent\" data-id=\"070e684\" data-element_type=\"container\" data-e-type=\"container\" data-settings=\"{&quot;background_background&quot;:&quot;classic&quot;}\">\n\t\t\t\t\t<div class=\"e-con-inner\">\n\t\t\t\t<div class=\"elementor-element elementor-element-6a61b23 elementor-widget elementor-widget-text-editor\" data-id=\"6a61b23\" data-element_type=\"widget\" data-e-type=\"widget\" data-widget_type=\"text-editor.default\">\n\t\t\t\t\t\t\t\t\t<p><strong>Data MIGRA<\/strong> es un repositorio seleccionado de bases de datos de acceso abierto dise\u00f1ado para apoyar la investigaci\u00f3n emp\u00edrica sobre la migraci\u00f3n internacional en Chile. Consolida una amplia gama de fuentes de datos cuantitativos para ayudar a caracterizar la escala, la din\u00e1mica y los impactos de los flujos migratorios recientes. Las estad\u00edsticas est\u00e1n organizadas por tipo de base de datos para facilitar el acceso a investigadores, responsables pol\u00edticos y el p\u00fablico en general.<\/p>\n\n<p>Este recurso busca promover la transparencia, fomentar la investigaci\u00f3n basada en datos y apoyar la formulaci\u00f3n de pol\u00edticas basadas en evidencia. Para obtener pautas sobre c\u00f3mo citar correctamente los datos incluidos en este repositorio, consulte <a class=\"cite-popup-link\" href=\"#\" onclick=\"elementorProFrontend.modules.popup.showPopup( { id: 3005 } ); return false;\"><strong>\u00bfC\u00f3mo citar?<\/strong><\/a><\/p> \n\t\t\t\t\t\t\t\t<\/div>\n\t\t\t\t<div class=\"elementor-element elementor-element-d500625 elementor-widget elementor-widget-heading\" data-id=\"d500625\" data-element_type=\"widget\" data-e-type=\"widget\" data-widget_type=\"heading.default\">\n\t\t\t\t\t<h1 class=\"elementor-heading-title elementor-size-default\">Data MIGRA<\/h1>\t\t\t\t<\/div>\n\t\t\t\t\t<\/div>\n\t\t\t\t<\/div>\n\t\t<div class=\"elementor-element elementor-element-1c2e4f7 e-flex e-con-boxed e-con e-parent\" data-id=\"1c2e4f7\" data-element_type=\"container\" data-e-type=\"container\" data-settings=\"{&quot;background_background&quot;:&quot;classic&quot;}\">\n\t\t\t\t\t<div class=\"e-con-inner\">\n\t\t\t\t<div class=\"elementor-element elementor-element-32cc66a elementor-widget elementor-widget-text-editor\" data-id=\"32cc66a\" data-element_type=\"widget\" data-e-type=\"widget\" data-widget_type=\"text-editor.default\">\n\t\t\t\t\t\t\t\t\tPuede encontrar el contenido de esta p\u00e1gina en <a href=\"https:\/\/www.datamigra.cl\/SNM.html\" target=\"_blank\" style=\"color: #007BFF; text-decoration: underline;\">https:\/\/www.datamigra.cl\/SNM.html<\/a>.\n\t\t\t\t\t\t\t\t<\/div>\n\t\t\t\t\t<\/div>\n\t\t\t\t<\/div>\n\t\t\t\t<\/div>\n\t\t","protected":false},"excerpt":{"rendered":"<p>Data MIGRA es un repositorio seleccionado de bases de datos de acceso abierto dise\u00f1ado para apoyar la investigaci\u00f3n emp\u00edrica sobre la migraci\u00f3n internacional en Chile. Consolida una amplia gama de fuentes de datos cuantitativos para ayudar a caracterizar la escala, la din\u00e1mica y los impactos de los flujos migratorios recientes. Las estad\u00edsticas est\u00e1n organizadas por [&hellip;]<\/p>\n","protected":false},"author":1,"featured_media":0,"parent":0,"menu_order":0,"comment_status":"closed","ping_status":"closed","template":"elementor_header_footer","meta":{"_acf_changed":false,"footnotes":""},"class_list":["post-3931","page","type-page","status-publish","hentry"],"acf":[],"_links":{"self":[{"href":"https:\/\/nucleomigra.cl\/es\/wp-json\/wp\/v2\/pages\/3931","targetHints":{"allow":["GET"]}}],"collection":[{"href":"https:\/\/nucleomigra.cl\/es\/wp-json\/wp\/v2\/pages"}],"about":[{"href":"https:\/\/nucleomigra.cl\/es\/wp-json\/wp\/v2\/types\/page"}],"author":[{"embeddable":true,"href":"https:\/\/nucleomigra.cl\/es\/wp-json\/wp\/v2\/users\/1"}],"replies":[{"embeddable":true,"href":"https:\/\/nucleomigra.cl\/es\/wp-json\/wp\/v2\/comments?post=3931"}],"version-history":[{"count":1,"href":"https:\/\/nucleomigra.cl\/es\/wp-json\/wp\/v2\/pages\/3931\/revisions"}],"predecessor-version":[{"id":3932,"href":"https:\/\/nucleomigra.cl\/es\/wp-json\/wp\/v2\/pages\/3931\/revisions\/3932"}],"wp:attachment":[{"href":"https:\/\/nucleomigra.cl\/es\/wp-json\/wp\/v2\/media?parent=3931"}],"curies":[{"name":"wp","href":"https:\/\/api.w.org\/{rel}","templated":true}]}}